{"id":9551,"date":"2021-07-02T15:59:32","date_gmt":"2021-07-02T15:59:32","guid":{"rendered":"https:\/\/deepwear.org\/product\/backcut_schwarz_hamsa-hand\/"},"modified":"2021-08-06T15:01:03","modified_gmt":"2021-08-06T15:01:03","slug":"backcut_schwarz_hamsa-hand","status":"publish","type":"product","link":"https:\/\/dw.nn-hb.de\/en\/product\/backcut_schwarz_hamsa-hand\/","title":{"rendered":"&quot;BackCut&quot;_schwarz_Hamsa Hand"},"content":{"rendered":"","protected":false},"excerpt":{"rendered":"<p> \u2022 Textil: BackCut <br \/> \u2022 Design: Hamsa Hand <\/p>","protected":false},"featured_media":0,"template":"","meta":{"_et_pb_use_builder":"","_et_pb_old_content":"","_et_gb_content_width":""},"product_cat":[50],"product_tag":[],"wcpa_form_fields":{"wcpaData":{"product":{"product_price":29,"price_html":"<span class=\"woocommerce-Price-amount amount\"><bdi>29,00&nbsp;<span class=\"woocommerce-Price-currencySymbol\">&euro;<\/span><\/bdi><\/span>","original_product_price":29,"price_including_tax":29,"price_excluding_tax":24.3697480000000012978489394299685955047607421875,"product_id":{"parent":9551,"variation":false},"is_variable":false,"stock_status":"instock","stock_quantity":null,"parent_sku":"\"BackCut\"_schwarz_Hamsa Hand","product_attributes":[],"custom_fields":[],"is_taxable":true},"fields":{"sec_669d0e56fc464a":{"extra":{"key":"sec_669d0e56fc464a","section_id":"sec_669d0e56fc464a","name":"Default","status":1,"cl_rule":"show","enableCl":false,"relations":[],"toggle":true,"title_tag":"h3","show_title":false,"showPrice":"default","form_id":9616,"form_rules":{"exclude_from_discount":false,"fee_label":"Fee","disp_hide_options_price":false,"disp_show_section_price":false,"disp_show_field_price":false,"layout_option":"standard","pric_use_as_fee":false,"process_fee_as":"woo_fee"},"layout_option":"standard"},"fields":[[{"type":"image-group","required":true,"label":"Farbe","elementId":"wcpa-image-group-1624628707053","inline":true,"priceOptions":"different_for_all","pricingType":"fixed","disp_size_img":{"width":"100","height":""},"enable_popup":"no","name":"image-group-1624628707053","show_as_product_image":true,"disp_type":"square","img_selection_type":"tick","other_text":"Other","cl_rule":"show","cl_val":"XS (Weite 41.5cm, L\u00e4nge 60cm)","operator":"and","col":6,"values":[{"label":"Black","price":"","image":"https:\/\/dw.nn-hb.de\/wp-content\/uploads\/2021\/06\/BY035_Black.jpg","image_id":"1511","thumb":"https:\/\/dw.nn-hb.de\/wp-content\/uploads\/2021\/06\/BY035_Black-150x150.jpg","value":"0","thumb_src":"https:\/\/dw.nn-hb.de\/wp-content\/uploads\/2021\/06\/BY035_Black.jpg","productImage":{"title":"","caption":"","url":"","alt":"","src":"","srcset":false,"sizes":false,"image_id":"1511"},"gt_translate_keys":["label"]},{"label":"White","price":"","image":"https:\/\/dw.nn-hb.de\/wp-content\/uploads\/2021\/06\/BY035_White.jpg","image_id":"1512","thumb":"https:\/\/dw.nn-hb.de\/wp-content\/uploads\/2021\/06\/BY035_White-150x150.jpg","value":"1","thumb_src":"https:\/\/dw.nn-hb.de\/wp-content\/uploads\/2021\/06\/BY035_White.jpg","productImage":{"title":"","caption":"","url":"","alt":"","src":"","srcset":false,"sizes":false,"image_id":"1512"},"gt_translate_keys":["label"]}],"relations":[{"operator":false,"rules":[{"operator":"and","rules":{"cl_field":"wcpa-select-1624628027346","cl_relation":"is_not","cl_val":"XS (Weite 41.5cm, L\u00e4nge 60cm)"}},{"operator":false,"rules":{"cl_field":"wcpa-select-1624628027346","cl_relation":"is_not","cl_val":"XS (Weite 41.5cm, L\u00e4nge 60cm)"}}]}],"active":true,"tooltip":"","layOut":"inline","gt_translate_keys":["label","tooltip"],"price_dependency":false,"cl_dependency":false,"value":""}],[{"type":"select","required":true,"elementId":"wcpa-select-1624628027346","label":"Gr\u00f6\u00dfe","priceOptions":"different_for_all","pricingType":"fixed","name":"select-1624628027346","cl_rule":"show","col":6,"values":[{"label":"XS (Weite 41.5cm, L\u00e4nge 60cm)","value":"XS (Weite 41.5cm, L\u00e4nge 60cm)","price":"","pimage":"","pimage_id":"","pthumb":"","gt_translate_keys":["label"]},{"label":"S (Weite 44cm, L\u00e4nge 62cm)","value":"S (Weite 44cm, L\u00e4nge 62cm)","price":"","pimage":"","pimage_id":"","pthumb":"","selected":true,"gt_translate_keys":["label"]},{"label":"M (Weite 46.5cm, L\u00e4nge 64cm)","value":"M (Weite 46.5cm, L\u00e4nge 64cm)","price":"","pimage":"","pimage_id":"","pthumb":"","gt_translate_keys":["label"]},{"label":"L (Weite 49cm, L\u00e4nge 66cm)","value":"L (Weite 49cm, L\u00e4nge 66cm)","price":"","pimage":"","pimage_id":"","pthumb":"","gt_translate_keys":["label"]},{"label":"XL (Weite 51.5cm, L\u00e4nge 68cm)","value":"XL (Weite 51.5, L\u00e4nge 68cm)","price":"","pimage":"","pimage_id":"","pthumb":"","gt_translate_keys":["label"]}],"relations":false,"active":true,"tooltip":"","gt_translate_keys":["label","tooltip"],"price_dependency":false,"cl_dependency":false,"value":""}],[{"type":"content","subtype":"div","label":"","elementId":"wcpa-paragraph-1628264778541","pricingType":"fixed","cl_rule":"show","col":6,"relations":false,"active":true,"tooltip":"","value":"Um dieses Produkt in der gew\u00fcnschten Gr\u00f6\u00dfe und Farbe zu kaufen, suchen Sie sich Ihre Varianten aus und f\u00fcgen Sie es dem <b>Warenkorb<\/b> zu.\n\nF\u00fcr eine eigene Kreation des Produkts mit einem Motiv aus unserem Shop k\u00f6nnen Sie den <b>Creator<\/b> einsetzen indem Sie auf <b>Eigene Kreation<\/b> klicken.","name":"wcpa-paragraph-1628264778541","contentType":"plain","gt_translate_keys":["label","value","tooltip"],"price_dependency":false,"cl_dependency":false}]]}},"config":{"price_override":"","enable_recaptcha":false,"bind_quantity":false,"quantity_bind_formula":"","disp_summ_show_option_price":false,"disp_summ_show_product_price":false,"disp_summ_show_total_price":false,"disp_summ_show_fee":false,"disp_summ_show_discount":false,"summary_title":"","options_total_label":"Optionenpreis","total_label":"Insgesamt","options_product_label":"Produktpreis","fee_label":"Fee","discount_label":"Discount","has_price":true,"has_quantity_formula":false},"mc_unit":1,"tax_rate":1,"tax_rate_real":0.190000000000000002220446049250313080847263336181640625,"discount":{"percentage":0,"fixed":0},"design":{"conf":{"LabelPosition":"above","DescPosition":"above","UploadField":"custom_1","QuantityFieldStyle":"default"},"css":{"LeftLabelWidth":"120px"}},"formulas":[],"clones":false,"cartKey":false}},"_links":{"self":[{"href":"https:\/\/dw.nn-hb.de\/en\/wp-json\/wp\/v2\/product\/9551"}],"collection":[{"href":"https:\/\/dw.nn-hb.de\/en\/wp-json\/wp\/v2\/product"}],"about":[{"href":"https:\/\/dw.nn-hb.de\/en\/wp-json\/wp\/v2\/types\/product"}],"wp:attachment":[{"href":"https:\/\/dw.nn-hb.de\/en\/wp-json\/wp\/v2\/media?parent=9551"}],"wp:term":[{"taxonomy":"product_cat","embeddable":true,"href":"https:\/\/dw.nn-hb.de\/en\/wp-json\/wp\/v2\/product_cat?post=9551"},{"taxonomy":"product_tag","embeddable":true,"href":"https:\/\/dw.nn-hb.de\/en\/wp-json\/wp\/v2\/product_tag?post=9551"}],"curies":[{"name":"wp","href":"https:\/\/api.w.org\/{rel}","templated":true}]}}