{"id":9516,"date":"2021-07-02T15:59:26","date_gmt":"2021-07-02T15:59:26","guid":{"rendered":"https:\/\/deepwear.org\/product\/multitalent_gruen_mental-alien-2c\/"},"modified":"2021-08-06T15:01:01","modified_gmt":"2021-08-06T15:01:01","slug":"multitalent_gruen_mental-alien-2c","status":"publish","type":"product","link":"https:\/\/dw.nn-hb.de\/en\/product\/multitalent_gruen_mental-alien-2c\/","title":{"rendered":"&quot;Multitalent&quot;_gruen_Mental Alien 2c"},"content":{"rendered":"","protected":false},"excerpt":{"rendered":"<p> \u2022 Textil: Multitalent <br \/> \u2022 Design: Mental Alien 2c <\/p>","protected":false},"featured_media":0,"template":"","meta":{"_et_pb_use_builder":"","_et_pb_old_content":"","_et_gb_content_width":""},"product_cat":[41],"product_tag":[],"wcpa_form_fields":{"wcpaData":{"product":{"product_price":29,"price_html":"<span class=\"woocommerce-Price-amount amount\"><bdi>29,00&nbsp;<span class=\"woocommerce-Price-currencySymbol\">&euro;<\/span><\/bdi><\/span>","original_product_price":29,"price_including_tax":29,"price_excluding_tax":24.3697480000000012978489394299685955047607421875,"product_id":{"parent":9516,"variation":false},"is_variable":false,"stock_status":"instock","stock_quantity":null,"parent_sku":"&quot;Multitalent&quot;_gruen_Mental Alien 2c","product_attributes":[],"custom_fields":[],"is_taxable":true},"fields":{"sec_669d38cc5aa59b":{"extra":{"key":"sec_669d38cc5aa59b","section_id":"sec_669d38cc5aa59b","name":"Default","status":1,"cl_rule":"show","enableCl":false,"relations":[],"toggle":true,"title_tag":"h3","show_title":false,"showPrice":"default","form_id":2400,"form_rules":{"exclude_from_discount":false,"fee_label":"Fee","disp_hide_options_price":false,"disp_show_section_price":false,"disp_show_field_price":false,"layout_option":"standard","pric_use_as_fee":false,"process_fee_as":"woo_fee"},"layout_option":"standard"},"fields":[[{"type":"image-group","required":true,"label":"Farbe","elementId":"wcpa-image-group-1624628707053","inline":true,"enablePrice":true,"priceOptions":"different_for_all","pricingType":"fixed","disp_size_img":{"width":"100","height":""},"enable_popup":"no","name":"image-group-1624628707053","show_as_product_image":true,"disp_type":"square","img_selection_type":"tick","other_text":"Other","cl_rule":"show","cl_val":"XS (Weite 41.3, L\u00e4nge 66)","operator":"and","col":6,"values":[{"label":"Athletic-Heather_Black","price":"","image":"https:\/\/dw.nn-hb.de\/wp-content\/uploads\/2021\/06\/CV3480_Athletic-Heather_Black.jpg","image_id":"1161","thumb":"https:\/\/dw.nn-hb.de\/wp-content\/uploads\/2021\/06\/CV3480_Athletic-Heather_Black-150x150.jpg","value":"0","thumb_src":"https:\/\/dw.nn-hb.de\/wp-content\/uploads\/2021\/06\/CV3480_Athletic-Heather_Black.jpg","productImage":{"title":"","caption":"","url":"","alt":"","src":"","srcset":false,"sizes":false,"image_id":"1161"},"gt_translate_keys":["label"]},{"label":"Black","price":"","image":"https:\/\/dw.nn-hb.de\/wp-content\/uploads\/2021\/06\/CV3480_Black.jpg","image_id":"1164","thumb":"https:\/\/dw.nn-hb.de\/wp-content\/uploads\/2021\/06\/CV3480_Black-150x150.jpg","value":"1","thumb_src":"https:\/\/dw.nn-hb.de\/wp-content\/uploads\/2021\/06\/CV3480_Black.jpg","productImage":{"title":"","caption":"","url":"","alt":"","src":"","srcset":false,"sizes":false,"image_id":"1164"},"gt_translate_keys":["label"]},{"label":"Black_Athletic-Heather","price":"","image":"https:\/\/dw.nn-hb.de\/wp-content\/uploads\/2021\/06\/CV3480_Black_Athletic-Heather.jpg","image_id":"1165","thumb":"https:\/\/dw.nn-hb.de\/wp-content\/uploads\/2021\/06\/CV3480_Black_Athletic-Heather-150x150.jpg","value":"2","thumb_src":"https:\/\/dw.nn-hb.de\/wp-content\/uploads\/2021\/06\/CV3480_Black_Athletic-Heather.jpg","productImage":{"title":"","caption":"","url":"","alt":"","src":"","srcset":false,"sizes":false,"image_id":"1165"},"gt_translate_keys":["label"]},{"label":"Blue-Triblend-Heather","price":"2","image":"https:\/\/dw.nn-hb.de\/wp-content\/uploads\/2021\/06\/CV3480_Blue-Triblend-Heather.jpg","image_id":"1166","thumb":"https:\/\/dw.nn-hb.de\/wp-content\/uploads\/2021\/06\/CV3480_Blue-Triblend-Heather-150x150.jpg","value":"3","thumb_src":"https:\/\/dw.nn-hb.de\/wp-content\/uploads\/2021\/06\/CV3480_Blue-Triblend-Heather.jpg","productImage":{"title":"","caption":"","url":"","alt":"","src":"","srcset":false,"sizes":false,"image_id":"1166"},"gt_translate_keys":["label"]},{"label":"Charcoal-Black-Triblend-Heather","price":"2","image":"https:\/\/dw.nn-hb.de\/wp-content\/uploads\/2021\/06\/CV3480_Charcoal-Black-Triblend-Heather.jpg","image_id":"1167","thumb":"https:\/\/dw.nn-hb.de\/wp-content\/uploads\/2021\/06\/CV3480_Charcoal-Black-Triblend-Heather-150x150.jpg","value":"4","thumb_src":"https:\/\/dw.nn-hb.de\/wp-content\/uploads\/2021\/06\/CV3480_Charcoal-Black-Triblend-Heather.jpg","productImage":{"title":"","caption":"","url":"","alt":"","src":"","srcset":false,"sizes":false,"image_id":"1167"},"gt_translate_keys":["label"]},{"label":"Green-Triblend-Heather","price":"2","image":"https:\/\/dw.nn-hb.de\/wp-content\/uploads\/2021\/06\/CV3480_Green-Triblend-Heather.jpg","image_id":"1168","thumb":"https:\/\/dw.nn-hb.de\/wp-content\/uploads\/2021\/06\/CV3480_Green-Triblend-Heather-150x150.jpg","value":"5","thumb_src":"https:\/\/dw.nn-hb.de\/wp-content\/uploads\/2021\/06\/CV3480_Green-Triblend-Heather.jpg","productImage":{"title":"","caption":"","url":"","alt":"","src":"","srcset":false,"sizes":false,"image_id":"1168"},"gt_translate_keys":["label"]},{"label":"Grey-Triblend-(Heather)","price":"2","image":"https:\/\/dw.nn-hb.de\/wp-content\/uploads\/2021\/06\/CV3480_Grey-Triblend-Heather.jpg","image_id":"1169","thumb":"https:\/\/dw.nn-hb.de\/wp-content\/uploads\/2021\/06\/CV3480_Grey-Triblend-Heather-150x150.jpg","value":"6","thumb_src":"https:\/\/dw.nn-hb.de\/wp-content\/uploads\/2021\/06\/CV3480_Grey-Triblend-Heather.jpg","productImage":{"title":"","caption":"","url":"","alt":"","src":"","srcset":false,"sizes":false,"image_id":"1169"},"gt_translate_keys":["label"]},{"label":"Heather-Navy","price":"2","image":"https:\/\/dw.nn-hb.de\/wp-content\/uploads\/2021\/06\/CV3480_Heather-Navy.jpg","image_id":"1170","thumb":"https:\/\/dw.nn-hb.de\/wp-content\/uploads\/2021\/06\/CV3480_Heather-Navy-150x150.jpg","value":"7","thumb_src":"https:\/\/dw.nn-hb.de\/wp-content\/uploads\/2021\/06\/CV3480_Heather-Navy.jpg","productImage":{"title":"","caption":"","url":"","alt":"","src":"","srcset":false,"sizes":false,"image_id":"1170"},"gt_translate_keys":["label"]},{"label":"Heather-Slate","price":"","image":"https:\/\/dw.nn-hb.de\/wp-content\/uploads\/2021\/06\/CV3480_Heather-Slate.jpg","image_id":"1171","thumb":"https:\/\/dw.nn-hb.de\/wp-content\/uploads\/2021\/06\/CV3480_Heather-Slate-150x150.jpg","value":"8","thumb_src":"https:\/\/dw.nn-hb.de\/wp-content\/uploads\/2021\/06\/CV3480_Heather-Slate.jpg","productImage":{"title":"","caption":"","url":"","alt":"","src":"","srcset":false,"sizes":false,"image_id":"1171"},"gt_translate_keys":["label"]},{"label":"Navy","price":"","image":"https:\/\/dw.nn-hb.de\/wp-content\/uploads\/2021\/06\/CV3480_Navy.jpg","image_id":"1172","thumb":"https:\/\/dw.nn-hb.de\/wp-content\/uploads\/2021\/06\/CV3480_Navy-150x150.jpg","value":"9","thumb_src":"https:\/\/dw.nn-hb.de\/wp-content\/uploads\/2021\/06\/CV3480_Navy.jpg","productImage":{"title":"","caption":"","url":"","alt":"","src":"","srcset":false,"sizes":false,"image_id":"1172"},"gt_translate_keys":["label"]},{"label":"Neon-Blue","price":"2","image":"https:\/\/dw.nn-hb.de\/wp-content\/uploads\/2021\/06\/CV3480_Neon-Blue.jpg","image_id":"1173","thumb":"https:\/\/dw.nn-hb.de\/wp-content\/uploads\/2021\/06\/CV3480_Neon-Blue-150x150.jpg","value":"10","thumb_src":"https:\/\/dw.nn-hb.de\/wp-content\/uploads\/2021\/06\/CV3480_Neon-Blue.jpg","productImage":{"title":"","caption":"","url":"","alt":"","src":"","srcset":false,"sizes":false,"image_id":"1173"},"gt_translate_keys":["label"]},{"label":"Neon-Green","price":"2","image":"https:\/\/dw.nn-hb.de\/wp-content\/uploads\/2021\/06\/CV3480_Neon-Green.jpg","image_id":"1174","thumb":"https:\/\/dw.nn-hb.de\/wp-content\/uploads\/2021\/06\/CV3480_Neon-Green-150x150.jpg","value":"11","thumb_src":"https:\/\/dw.nn-hb.de\/wp-content\/uploads\/2021\/06\/CV3480_Neon-Green.jpg","productImage":{"title":"","caption":"","url":"","alt":"","src":"","srcset":false,"sizes":false,"image_id":"1174"},"gt_translate_keys":["label"]},{"label":"Neon-Yellow","price":"2","image":"https:\/\/dw.nn-hb.de\/wp-content\/uploads\/2021\/06\/CV3480_Neon-Yellow.jpg","image_id":"1175","thumb":"https:\/\/dw.nn-hb.de\/wp-content\/uploads\/2021\/06\/CV3480_Neon-Yellow-150x150.jpg","value":"12","thumb_src":"https:\/\/dw.nn-hb.de\/wp-content\/uploads\/2021\/06\/CV3480_Neon-Yellow.jpg","productImage":{"title":"","caption":"","url":"","alt":"","src":"","srcset":false,"sizes":false,"image_id":"1175"},"gt_translate_keys":["label"]},{"label":"Red","price":"","image":"https:\/\/dw.nn-hb.de\/wp-content\/uploads\/2021\/06\/CV3480_Red.jpg","image_id":"1176","thumb":"https:\/\/dw.nn-hb.de\/wp-content\/uploads\/2021\/06\/CV3480_Red-150x150.jpg","value":"13","thumb_src":"https:\/\/dw.nn-hb.de\/wp-content\/uploads\/2021\/06\/CV3480_Red.jpg","productImage":{"title":"","caption":"","url":"","alt":"","src":"","srcset":false,"sizes":false,"image_id":"1176"},"gt_translate_keys":["label"]},{"label":"Red-Triblend-(Heather)","price":"2","image":"https:\/\/dw.nn-hb.de\/wp-content\/uploads\/2021\/06\/CV3480_Red-Triblend-Heather.jpg","image_id":"1177","thumb":"https:\/\/dw.nn-hb.de\/wp-content\/uploads\/2021\/06\/CV3480_Red-Triblend-Heather-150x150.jpg","value":"14","thumb_src":"https:\/\/dw.nn-hb.de\/wp-content\/uploads\/2021\/06\/CV3480_Red-Triblend-Heather.jpg","productImage":{"title":"","caption":"","url":"","alt":"","src":"","srcset":false,"sizes":false,"image_id":"1177"},"gt_translate_keys":["label"]},{"label":"True-Royal","price":"","image":"https:\/\/dw.nn-hb.de\/wp-content\/uploads\/2021\/06\/CV3480_True-Royal.jpg","image_id":"1178","thumb":"https:\/\/dw.nn-hb.de\/wp-content\/uploads\/2021\/06\/CV3480_True-Royal-150x150.jpg","value":"15","thumb_src":"https:\/\/dw.nn-hb.de\/wp-content\/uploads\/2021\/06\/CV3480_True-Royal.jpg","productImage":{"title":"","caption":"","url":"","alt":"","src":"","srcset":false,"sizes":false,"image_id":"1178"},"gt_translate_keys":["label"]},{"label":"True-Royal-Triblend-(Heather)","price":"2","image":"https:\/\/dw.nn-hb.de\/wp-content\/uploads\/2021\/06\/CV3480_True-Royal-Triblend-Heather.jpg","image_id":"1179","thumb":"https:\/\/dw.nn-hb.de\/wp-content\/uploads\/2021\/06\/CV3480_True-Royal-Triblend-Heather-150x150.jpg","value":"16","thumb_src":"https:\/\/dw.nn-hb.de\/wp-content\/uploads\/2021\/06\/CV3480_True-Royal-Triblend-Heather.jpg","productImage":{"title":"","caption":"","url":"","alt":"","src":"","srcset":false,"sizes":false,"image_id":"1179"},"gt_translate_keys":["label"]},{"label":"White","price":"","image":"https:\/\/dw.nn-hb.de\/wp-content\/uploads\/2021\/06\/CV3480_White.jpg","image_id":"1180","thumb":"https:\/\/dw.nn-hb.de\/wp-content\/uploads\/2021\/06\/CV3480_White-150x150.jpg","value":"17","thumb_src":"https:\/\/dw.nn-hb.de\/wp-content\/uploads\/2021\/06\/CV3480_White.jpg","productImage":{"title":"","caption":"","url":"","alt":"","src":"","srcset":false,"sizes":false,"image_id":"1180"},"gt_translate_keys":["label"]},{"label":"White_Black","price":"","image":"https:\/\/dw.nn-hb.de\/wp-content\/uploads\/2021\/06\/CV3480_White_Black.jpg","image_id":"1181","thumb":"https:\/\/dw.nn-hb.de\/wp-content\/uploads\/2021\/06\/CV3480_White_Black-150x150.jpg","value":"18","thumb_src":"https:\/\/dw.nn-hb.de\/wp-content\/uploads\/2021\/06\/CV3480_White_Black.jpg","productImage":{"title":"","caption":"","url":"","alt":"","src":"","srcset":false,"sizes":false,"image_id":"1181"},"gt_translate_keys":["label"]}],"relations":[{"operator":false,"rules":[{"operator":"and","rules":{"cl_field":"wcpa-select-1624628027346","cl_relation":"is_not","cl_val":"XS (Weite 41.3, L\u00e4nge 66)"}},{"operator":false,"rules":{"cl_field":"wcpa-select-1624628027346","cl_relation":"is_not","cl_val":"XS (Weite 41.3, L\u00e4nge 66)"}}]}],"active":true,"tooltip":"","layOut":"inline","gt_translate_keys":["label","tooltip"],"price_dependency":false,"cl_dependency":false,"value":""}],[{"type":"select","required":true,"elementId":"wcpa-select-1624628027346","label":"Gr\u00f6\u00dfe","enablePrice":true,"priceOptions":"different_for_all","pricingType":"fixed","name":"select-1624628027346","cl_rule":"show","col":6,"values":[{"label":"XS (Weite 41.3cm, L\u00e4nge 66cm)","value":"XS (Weite 41.3cm, L\u00e4nge 66cm)","price":"","pimage":"","pimage_id":"","pthumb":"","gt_translate_keys":["label"]},{"label":"S (Weite 46.4cm, L\u00e4nge 68.6cm)","value":"S (Weite 46.4cm, L\u00e4nge 68.6cm)","price":"","pimage":"","pimage_id":"","pthumb":"","selected":true,"gt_translate_keys":["label"]},{"label":"M (Weite 51.4cm, L\u00e4nge 71.1cm)","value":"M (Weite 51.4cm, L\u00e4nge 71.1cm)","price":"","pimage":"","pimage_id":"","pthumb":"","gt_translate_keys":["label"]},{"label":"L (Weite 56.5cm, L\u00e4nge 73.7cm)","value":"L (Weite 56.5cm, L\u00e4nge 73.7cm)","price":"","pimage":"","pimage_id":"","pthumb":"","gt_translate_keys":["label"]},{"label":"XL (Weite 61.6cm, L\u00e4nge 76.2cm)","value":"XL (Weite 61.6cm, L\u00e4nge 76.2cm)","price":"","pimage":"","pimage_id":"","pthumb":"","gt_translate_keys":["label"]},{"label":"XXL (Weite 66.7cm, L\u00e4nge 78.7cm)","value":"XXL (Weite 66.7cm, L\u00e4nge 78.7cm)","price":"2","pimage":"","pimage_id":"","pthumb":"","gt_translate_keys":["label"]}],"relations":false,"active":true,"tooltip":"","gt_translate_keys":["label","tooltip"],"price_dependency":false,"cl_dependency":false,"value":""}]]}},"config":{"price_override":"","enable_recaptcha":false,"bind_quantity":false,"quantity_bind_formula":"","disp_summ_show_option_price":false,"disp_summ_show_product_price":false,"disp_summ_show_total_price":false,"disp_summ_show_fee":false,"disp_summ_show_discount":false,"summary_title":"","options_total_label":"Optionenpreis","total_label":"Insgesamt","options_product_label":"Produktpreis","fee_label":"Fee","discount_label":"Discount","has_price":true,"has_quantity_formula":false},"mc_unit":1,"tax_rate":1,"tax_rate_real":0.190000000000000002220446049250313080847263336181640625,"discount":{"percentage":0,"fixed":0},"design":{"conf":{"LabelPosition":"above","DescPosition":"above","UploadField":"custom_1","QuantityFieldStyle":"default"},"css":{"LeftLabelWidth":"120px"}},"formulas":[],"clones":false,"cartKey":false}},"_links":{"self":[{"href":"https:\/\/dw.nn-hb.de\/en\/wp-json\/wp\/v2\/product\/9516"}],"collection":[{"href":"https:\/\/dw.nn-hb.de\/en\/wp-json\/wp\/v2\/product"}],"about":[{"href":"https:\/\/dw.nn-hb.de\/en\/wp-json\/wp\/v2\/types\/product"}],"wp:attachment":[{"href":"https:\/\/dw.nn-hb.de\/en\/wp-json\/wp\/v2\/media?parent=9516"}],"wp:term":[{"taxonomy":"product_cat","embeddable":true,"href":"https:\/\/dw.nn-hb.de\/en\/wp-json\/wp\/v2\/product_cat?post=9516"},{"taxonomy":"product_tag","embeddable":true,"href":"https:\/\/dw.nn-hb.de\/en\/wp-json\/wp\/v2\/product_tag?post=9516"}],"curies":[{"name":"wp","href":"https:\/\/api.w.org\/{rel}","templated":true}]}}