{"id":9512,"date":"2021-07-02T15:59:25","date_gmt":"2021-07-02T15:59:25","guid":{"rendered":"https:\/\/deepwear.org\/product\/multiversum_rot_cubyrinth\/"},"modified":"2021-08-06T15:01:00","modified_gmt":"2021-08-06T15:01:00","slug":"multiversum_rot_cubyrinth","status":"publish","type":"product","link":"https:\/\/dw.nn-hb.de\/en\/product\/multiversum_rot_cubyrinth\/","title":{"rendered":"&quot;Multiversum&quot;_rot_Cubyrinth"},"content":{"rendered":"","protected":false},"excerpt":{"rendered":"<p> \u2022 Textil: Multiversum <br \/> \u2022 Design: Cubyrinth <\/p>","protected":false},"featured_media":0,"template":"","meta":{"_et_pb_use_builder":"","_et_pb_old_content":"","_et_gb_content_width":""},"product_cat":[40],"product_tag":[],"wcpa_form_fields":{"wcpaData":{"product":{"product_price":35,"price_html":"<span class=\"woocommerce-Price-amount amount\"><bdi>35,00&nbsp;<span class=\"woocommerce-Price-currencySymbol\">&euro;<\/span><\/bdi><\/span>","original_product_price":35,"price_including_tax":35,"price_excluding_tax":29.411764999999999048441168270073831081390380859375,"product_id":{"parent":9512,"variation":false},"is_variable":false,"stock_status":"instock","stock_quantity":null,"parent_sku":"\"Multiversum\"_rot_Cubyrinth","product_attributes":[],"custom_fields":[],"is_taxable":true},"fields":{"sec_069d0ccac81055":{"extra":{"key":"sec_069d0ccac81055","section_id":"sec_069d0ccac81055","name":"Default","status":1,"cl_rule":"show","enableCl":false,"relations":[],"toggle":true,"title_tag":"h3","show_title":false,"showPrice":"default","form_id":9617,"form_rules":{"exclude_from_discount":false,"fee_label":"Fee","disp_hide_options_price":false,"disp_show_section_price":false,"disp_show_field_price":false,"layout_option":"standard","pric_use_as_fee":false,"process_fee_as":"woo_fee"},"layout_option":"standard"},"fields":[[{"type":"image-group","required":true,"label":"Farbe","elementId":"wcpa-image-group-1624628707053","inline":true,"enablePrice":true,"priceOptions":"different_for_all","pricingType":"fixed","disp_size_img":{"width":"100","height":""},"enable_popup":"no","name":"image-group-1624628707053","show_as_product_image":true,"disp_type":"square","img_selection_type":"tick","other_text":"Other","cl_rule":"show","cl_val":"XS (Weite 41.9cm, L\u00e4nge 67.3cm)","operator":"and","col":6,"values":[{"label":"Black","price":"","image":"https:\/\/dw.nn-hb.de\/wp-content\/uploads\/2021\/06\/CV3650_Black.jpg","image_id":"1203","thumb":"https:\/\/dw.nn-hb.de\/wp-content\/uploads\/2021\/06\/CV3650_Black-150x150.jpg","value":"0","thumb_src":"https:\/\/dw.nn-hb.de\/wp-content\/uploads\/2021\/06\/CV3650_Black.jpg","productImage":{"title":"","caption":"","url":"","alt":"","src":"","srcset":false,"sizes":false,"image_id":"1203"},"gt_translate_keys":["label"]},{"label":"Grey-Acid-Wash-(Heather)","price":"4","image":"https:\/\/dw.nn-hb.de\/wp-content\/uploads\/2021\/06\/CV3650_Grey-Acid-Wash-Heather.jpg","image_id":"1204","thumb":"https:\/\/dw.nn-hb.de\/wp-content\/uploads\/2021\/06\/CV3650_Grey-Acid-Wash-Heather-150x150.jpg","value":"1","thumb_src":"https:\/\/dw.nn-hb.de\/wp-content\/uploads\/2021\/06\/CV3650_Grey-Acid-Wash-Heather.jpg","productImage":{"title":"","caption":"","url":"","alt":"","src":"","srcset":false,"sizes":false,"image_id":"1204"},"gt_translate_keys":["label"]},{"label":"Marble-Black-(Heather)","price":"2","image":"https:\/\/dw.nn-hb.de\/wp-content\/uploads\/2021\/06\/CV3650_Marble-Black-Heather.jpg","image_id":"1207","thumb":"https:\/\/dw.nn-hb.de\/wp-content\/uploads\/2021\/06\/CV3650_Marble-Black-Heather-150x150.jpg","value":"2","thumb_src":"https:\/\/dw.nn-hb.de\/wp-content\/uploads\/2021\/06\/CV3650_Marble-Black-Heather.jpg","productImage":{"title":"","caption":"","url":"","alt":"","src":"","srcset":false,"sizes":false,"image_id":"1207"},"gt_translate_keys":["label"]},{"label":"Marble-Charcoal-(Heather)","price":"2","image":"https:\/\/dw.nn-hb.de\/wp-content\/uploads\/2021\/06\/CV3650_Marble-Charcoal-Heather.jpg","image_id":"1208","thumb":"https:\/\/dw.nn-hb.de\/wp-content\/uploads\/2021\/06\/CV3650_Marble-Charcoal-Heather-150x150.jpg","value":"3","thumb_src":"https:\/\/dw.nn-hb.de\/wp-content\/uploads\/2021\/06\/CV3650_Marble-Charcoal-Heather.jpg","productImage":{"title":"","caption":"","url":"","alt":"","src":"","srcset":false,"sizes":false,"image_id":"1208"},"gt_translate_keys":["label"]},{"label":"Marble-Maroon-(Heather)","price":"2","image":"https:\/\/dw.nn-hb.de\/wp-content\/uploads\/2021\/06\/CV3650_Marble-Maroon-Heather.jpg","image_id":"1209","thumb":"https:\/\/dw.nn-hb.de\/wp-content\/uploads\/2021\/06\/CV3650_Marble-Maroon-Heather-150x150.jpg","value":"4","thumb_src":"https:\/\/dw.nn-hb.de\/wp-content\/uploads\/2021\/06\/CV3650_Marble-Maroon-Heather.jpg","productImage":{"title":"","caption":"","url":"","alt":"","src":"","srcset":false,"sizes":false,"image_id":"1209"},"gt_translate_keys":["label"]},{"label":"Marble-Navy-(Heather)","price":"2","image":"https:\/\/dw.nn-hb.de\/wp-content\/uploads\/2021\/06\/CV3650_Marble-Navy-Heather.jpg","image_id":"1210","thumb":"https:\/\/dw.nn-hb.de\/wp-content\/uploads\/2021\/06\/CV3650_Marble-Navy-Heather-150x150.jpg","value":"5","thumb_src":"https:\/\/dw.nn-hb.de\/wp-content\/uploads\/2021\/06\/CV3650_Marble-Navy-Heather.jpg","productImage":{"title":"","caption":"","url":"","alt":"","src":"","srcset":false,"sizes":false,"image_id":"1210"},"gt_translate_keys":["label"]},{"label":"Marble-True-Royal-(Heather)","price":"2","image":"https:\/\/dw.nn-hb.de\/wp-content\/uploads\/2021\/06\/CV3650_Marble-True-Royal-Heather.jpg","image_id":"1211","thumb":"https:\/\/dw.nn-hb.de\/wp-content\/uploads\/2021\/06\/CV3650_Marble-True-Royal-Heather-150x150.jpg","value":"6","thumb_src":"https:\/\/dw.nn-hb.de\/wp-content\/uploads\/2021\/06\/CV3650_Marble-True-Royal-Heather.jpg","productImage":{"title":"","caption":"","url":"","alt":"","src":"","srcset":false,"sizes":false,"image_id":"1211"},"gt_translate_keys":["label"]},{"label":"Marble-White-(Heather)","price":"2","image":"https:\/\/dw.nn-hb.de\/wp-content\/uploads\/2021\/06\/CV3650_Marble-White-Heather.jpg","image_id":"1212","thumb":"https:\/\/dw.nn-hb.de\/wp-content\/uploads\/2021\/06\/CV3650_Marble-White-Heather-150x150.jpg","value":"7","thumb_src":"https:\/\/dw.nn-hb.de\/wp-content\/uploads\/2021\/06\/CV3650_Marble-White-Heather.jpg","productImage":{"title":"","caption":"","url":"","alt":"","src":"","srcset":false,"sizes":false,"image_id":"1212"},"gt_translate_keys":["label"]},{"label":"Neon-Blue","price":"2","image":"https:\/\/dw.nn-hb.de\/wp-content\/uploads\/2021\/06\/CV3650_Neon-Blue.jpg","image_id":"1213","thumb":"https:\/\/dw.nn-hb.de\/wp-content\/uploads\/2021\/06\/CV3650_Neon-Blue-150x150.jpg","value":"8","thumb_src":"https:\/\/dw.nn-hb.de\/wp-content\/uploads\/2021\/06\/CV3650_Neon-Blue.jpg","productImage":{"title":"","caption":"","url":"","alt":"","src":"","srcset":false,"sizes":false,"image_id":"1213"},"gt_translate_keys":["label"]},{"label":"Neon-Green","price":"2","image":"https:\/\/dw.nn-hb.de\/wp-content\/uploads\/2021\/06\/CV3650_Neon-Green.jpg","image_id":"1214","thumb":"https:\/\/dw.nn-hb.de\/wp-content\/uploads\/2021\/06\/CV3650_Neon-Green-150x150.jpg","value":"9","thumb_src":"https:\/\/dw.nn-hb.de\/wp-content\/uploads\/2021\/06\/CV3650_Neon-Green.jpg","productImage":{"title":"","caption":"","url":"","alt":"","src":"","srcset":false,"sizes":false,"image_id":"1214"},"gt_translate_keys":["label"]},{"label":"Neon-Pink","price":"2","image":"https:\/\/dw.nn-hb.de\/wp-content\/uploads\/2021\/06\/CV3650_Neon-Pink.jpg","image_id":"1215","thumb":"https:\/\/dw.nn-hb.de\/wp-content\/uploads\/2021\/06\/CV3650_Neon-Pink-150x150.jpg","value":"10","thumb_src":"https:\/\/dw.nn-hb.de\/wp-content\/uploads\/2021\/06\/CV3650_Neon-Pink.jpg","productImage":{"title":"","caption":"","url":"","alt":"","src":"","srcset":false,"sizes":false,"image_id":"1215"},"gt_translate_keys":["label"]},{"label":"Neon-Yellow","price":"2","image":"https:\/\/dw.nn-hb.de\/wp-content\/uploads\/2021\/06\/CV3650_Neon-Yellow.jpg","image_id":"1216","thumb":"https:\/\/dw.nn-hb.de\/wp-content\/uploads\/2021\/06\/CV3650_Neon-Yellow-150x150.jpg","value":"11","thumb_src":"https:\/\/dw.nn-hb.de\/wp-content\/uploads\/2021\/06\/CV3650_Neon-Yellow.jpg","productImage":{"title":"","caption":"","url":"","alt":"","src":"","srcset":false,"sizes":false,"image_id":"1216"},"gt_translate_keys":["label"]},{"label":"Red-Acid-Wash-(Heather)","price":"4","image":"https:\/\/dw.nn-hb.de\/wp-content\/uploads\/2021\/06\/CV3650_Red-Acid-Wash-Heather.jpg","image_id":"1217","thumb":"https:\/\/dw.nn-hb.de\/wp-content\/uploads\/2021\/06\/CV3650_Red-Acid-Wash-Heather-150x150.jpg","value":"12","thumb_src":"https:\/\/dw.nn-hb.de\/wp-content\/uploads\/2021\/06\/CV3650_Red-Acid-Wash-Heather.jpg","productImage":{"title":"","caption":"","url":"","alt":"","src":"","srcset":false,"sizes":false,"image_id":"1217"},"gt_translate_keys":["label"]},{"label":"True-Royal-Acid-Wash-(Heather)","price":"4","image":"https:\/\/dw.nn-hb.de\/wp-content\/uploads\/2021\/06\/CV3650_True-Royal-Acid-Wash-Heather.jpg","image_id":"1218","thumb":"https:\/\/dw.nn-hb.de\/wp-content\/uploads\/2021\/06\/CV3650_True-Royal-Acid-Wash-Heather-150x150.jpg","value":"13","thumb_src":"https:\/\/dw.nn-hb.de\/wp-content\/uploads\/2021\/06\/CV3650_True-Royal-Acid-Wash-Heather.jpg","productImage":{"title":"","caption":"","url":"","alt":"","src":"","srcset":false,"sizes":false,"image_id":"1218"},"gt_translate_keys":["label"]},{"label":"White","price":"","image":"https:\/\/dw.nn-hb.de\/wp-content\/uploads\/2021\/06\/CV3650_White.jpg","image_id":"1219","thumb":"https:\/\/dw.nn-hb.de\/wp-content\/uploads\/2021\/06\/CV3650_White-150x150.jpg","value":"14","thumb_src":"https:\/\/dw.nn-hb.de\/wp-content\/uploads\/2021\/06\/CV3650_White.jpg","productImage":{"title":"","caption":"","url":"","alt":"","src":"","srcset":false,"sizes":false,"image_id":"1219"},"gt_translate_keys":["label"]}],"relations":[{"operator":false,"rules":[{"operator":"and","rules":{"cl_field":"wcpa-select-1624628027346","cl_relation":"is_not","cl_val":"XS (Weite 41.9cm, L\u00e4nge 67.3cm)"}},{"operator":false,"rules":{"cl_field":"wcpa-select-1624628027346","cl_relation":"is_not","cl_val":"XS (Weite 41.9cm, L\u00e4nge 67.3cm)"}}]}],"active":true,"tooltip":"","layOut":"inline","gt_translate_keys":["label","tooltip"],"price_dependency":false,"cl_dependency":false,"value":""}],[{"type":"select","required":true,"elementId":"wcpa-select-1624628027346","label":"Gr\u00f6\u00dfe","enablePrice":true,"priceOptions":"different_for_all","pricingType":"fixed","name":"select-1624628027346","cl_rule":"show","col":6,"values":[{"label":"XS (Weite 41.9cm, L\u00e4nge 67.3cm)","value":"XS (Weite 41.9cm, L\u00e4nge 67.3cm)","price":"","pimage":"","pimage_id":"","pthumb":"","gt_translate_keys":["label"]},{"label":"S (Weite 45.7cm, L\u00e4nge 69.9cm)","value":"S (Weite 45.7cm, L\u00e4nge 69.9cm)","price":"","pimage":"","pimage_id":"","pthumb":"","selected":true,"gt_translate_keys":["label"]},{"label":"M (Weite 50.8cm, L\u00e4nge 72.4cm)","value":"M (Weite 50.8cm, L\u00e4nge 72.4cm)","price":"","pimage":"","pimage_id":"","pthumb":"","gt_translate_keys":["label"]},{"label":"L (Weite 55.9cm, L\u00e4nge 74.9cm)","value":"L (Weite 55.9cm, L\u00e4nge 74.9cm)","price":"","pimage":"","pimage_id":"","pthumb":"","gt_translate_keys":["label"]},{"label":"XL (Weite 61cm, L\u00e4nge 77.5cm)","value":"XL (Weite 61cm, L\u00e4nge 77.5cm)","price":"","pimage":"","pimage_id":"","pthumb":"","gt_translate_keys":["label"]},{"label":"XXL (Weite 66cm, L\u00e4nge 80cm)","value":"XXL (Weite 66cm, L\u00e4nge 80cm)","price":"2","pimage":"","pimage_id":"","pthumb":"","gt_translate_keys":["label"]}],"relations":false,"active":true,"tooltip":"","gt_translate_keys":["label","tooltip"],"price_dependency":false,"cl_dependency":false,"value":""}],[{"type":"content","subtype":"div","label":"","elementId":"wcpa-paragraph-1628264838171","pricingType":"fixed","cl_rule":"show","col":6,"relations":false,"active":true,"tooltip":"","value":"Um dieses Produkt in der gew\u00fcnschten Gr\u00f6\u00dfe und Farbe zu kaufen, suchen Sie sich Ihre Varianten aus und f\u00fcgen Sie es dem <b>Warenkorb<\/b> zu.\n\nF\u00fcr eine eigene Kreation des Produkts mit einem Motiv aus unserem Shop k\u00f6nnen Sie den <b>Creator<\/b> einsetzen indem Sie auf <b>Eigene Kreation<\/b> klicken.","name":"wcpa-paragraph-1628264838171","contentType":"plain","gt_translate_keys":["label","value","tooltip"],"price_dependency":false,"cl_dependency":false}]]}},"config":{"price_override":"","enable_recaptcha":false,"bind_quantity":false,"quantity_bind_formula":"","disp_summ_show_option_price":false,"disp_summ_show_product_price":false,"disp_summ_show_total_price":false,"disp_summ_show_fee":false,"disp_summ_show_discount":false,"summary_title":"","options_total_label":"Optionenpreis","total_label":"Insgesamt","options_product_label":"Produktpreis","fee_label":"Fee","discount_label":"Discount","has_price":true,"has_quantity_formula":false},"mc_unit":1,"tax_rate":1,"tax_rate_real":0.190000000000000002220446049250313080847263336181640625,"discount":{"percentage":0,"fixed":0},"design":{"conf":{"LabelPosition":"above","DescPosition":"above","UploadField":"custom_1","QuantityFieldStyle":"default"},"css":{"LeftLabelWidth":"120px"}},"formulas":[],"clones":false,"cartKey":false}},"_links":{"self":[{"href":"https:\/\/dw.nn-hb.de\/en\/wp-json\/wp\/v2\/product\/9512"}],"collection":[{"href":"https:\/\/dw.nn-hb.de\/en\/wp-json\/wp\/v2\/product"}],"about":[{"href":"https:\/\/dw.nn-hb.de\/en\/wp-json\/wp\/v2\/types\/product"}],"wp:attachment":[{"href":"https:\/\/dw.nn-hb.de\/en\/wp-json\/wp\/v2\/media?parent=9512"}],"wp:term":[{"taxonomy":"product_cat","embeddable":true,"href":"https:\/\/dw.nn-hb.de\/en\/wp-json\/wp\/v2\/product_cat?post=9512"},{"taxonomy":"product_tag","embeddable":true,"href":"https:\/\/dw.nn-hb.de\/en\/wp-json\/wp\/v2\/product_tag?post=9512"}],"curies":[{"name":"wp","href":"https:\/\/api.w.org\/{rel}","templated":true}]}}