{"id":9411,"date":"2021-07-02T15:59:08","date_gmt":"2021-07-02T15:59:08","guid":{"rendered":"https:\/\/deepwear.org\/product\/super-soft_green_crystal-vision\/"},"modified":"2021-08-06T15:00:55","modified_gmt":"2021-08-06T15:00:55","slug":"super-soft_green_crystal-vision","status":"publish","type":"product","link":"https:\/\/dw.nn-hb.de\/en\/product\/super-soft_green_crystal-vision\/","title":{"rendered":"&quot;Super Soft&quot;_green_Crystal Vision"},"content":{"rendered":"","protected":false},"excerpt":{"rendered":"<p> \u2022 Textil: Super Soft <br \/> \u2022 Design: Crystal Vision <\/p>","protected":false},"featured_media":0,"template":"","meta":{"_et_pb_use_builder":"","_et_pb_old_content":"","_et_gb_content_width":""},"product_cat":[51],"product_tag":[],"wcpa_form_fields":{"wcpaData":{"product":{"product_price":35,"price_html":"<span class=\"woocommerce-Price-amount amount\"><bdi>35,00&nbsp;<span class=\"woocommerce-Price-currencySymbol\">&euro;<\/span><\/bdi><\/span>","original_product_price":35,"price_including_tax":35,"price_excluding_tax":29.411764999999999048441168270073831081390380859375,"product_id":{"parent":9411,"variation":false},"is_variable":false,"stock_status":"instock","stock_quantity":null,"parent_sku":"&quot;Super Soft&quot;_green_Crystal Vision","product_attributes":[],"custom_fields":[],"is_taxable":true},"fields":{"sec_169d0e2696fc00":{"extra":{"key":"sec_169d0e2696fc00","section_id":"sec_169d0e2696fc00","name":"Default","status":1,"cl_rule":"show","enableCl":false,"relations":[],"toggle":true,"title_tag":"h3","show_title":false,"showPrice":"default","form_id":9618,"form_rules":{"exclude_from_discount":false,"fee_label":"Fee","disp_hide_options_price":false,"disp_show_section_price":false,"disp_show_field_price":false,"layout_option":"standard","pric_use_as_fee":false,"process_fee_as":"woo_fee"},"layout_option":"standard"},"fields":[[{"type":"image-group","required":true,"label":"Farbe","elementId":"wcpa-image-group-1624628707053","inline":true,"priceOptions":"different_for_all","pricingType":"fixed","disp_size_img":{"width":"100","height":""},"enable_popup":"no","name":"image-group-1624628707053","show_as_product_image":true,"disp_type":"square","img_selection_type":"tick","other_text":"Other","cl_rule":"show","cl_val":"XS (Weite 39cm, L\u00e4nge 66cm)","operator":"and","col":6,"values":[{"label":"Heather-White-(Tri-Blend)","price":"","image":"https:\/\/dw.nn-hb.de\/wp-content\/uploads\/2021\/06\/NX6733_Heather-White-Tri-Blend.jpg","image_id":"1497","thumb":"https:\/\/dw.nn-hb.de\/wp-content\/uploads\/2021\/06\/NX6733_Heather-White-Tri-Blend-150x150.jpg","value":"0","thumb_src":"https:\/\/dw.nn-hb.de\/wp-content\/uploads\/2021\/06\/NX6733_Heather-White-Tri-Blend.jpg","productImage":{"title":"","caption":"","url":"","alt":"","src":"","srcset":false,"sizes":false,"image_id":"1497"},"gt_translate_keys":["label"]},{"label":"Military-Green-(Tri-Blend)","price":"4","image":"https:\/\/dw.nn-hb.de\/wp-content\/uploads\/2021\/06\/NX6733_Military-Green-Tri-Blend.jpg","image_id":"1498","thumb":"https:\/\/dw.nn-hb.de\/wp-content\/uploads\/2021\/06\/NX6733_Military-Green-Tri-Blend-150x150.jpg","value":"1","thumb_src":"https:\/\/dw.nn-hb.de\/wp-content\/uploads\/2021\/06\/NX6733_Military-Green-Tri-Blend.jpg","productImage":{"title":"","caption":"","url":"","alt":"","src":"","srcset":false,"sizes":false,"image_id":"1498"},"gt_translate_keys":["label"]},{"label":"Premium-Heather-(Tri-Blend)","price":"2","image":"https:\/\/dw.nn-hb.de\/wp-content\/uploads\/2021\/06\/NX6733_Premium-Heather-Tri-Blend.jpg","image_id":"1499","thumb":"https:\/\/dw.nn-hb.de\/wp-content\/uploads\/2021\/06\/NX6733_Premium-Heather-Tri-Blend-150x150.jpg","value":"2","thumb_src":"https:\/\/dw.nn-hb.de\/wp-content\/uploads\/2021\/06\/NX6733_Premium-Heather-Tri-Blend.jpg","productImage":{"title":"","caption":"","url":"","alt":"","src":"","srcset":false,"sizes":false,"image_id":"1499"},"gt_translate_keys":["label"]},{"label":"Purple-Rush-(Tri-Blend)","price":"2","image":"https:\/\/dw.nn-hb.de\/wp-content\/uploads\/2021\/06\/NX6733_Purple-Rush-Tri-Blend.jpg","image_id":"1500","thumb":"https:\/\/dw.nn-hb.de\/wp-content\/uploads\/2021\/06\/NX6733_Purple-Rush-Tri-Blend-150x150.jpg","value":"3","thumb_src":"https:\/\/dw.nn-hb.de\/wp-content\/uploads\/2021\/06\/NX6733_Purple-Rush-Tri-Blend.jpg","productImage":{"title":"","caption":"","url":"","alt":"","src":"","srcset":false,"sizes":false,"image_id":"1500"},"gt_translate_keys":["label"]},{"label":"Tahiti-Blue-(Tri-Blend)","price":"2","image":"https:\/\/dw.nn-hb.de\/wp-content\/uploads\/2021\/06\/NX6733_Tahiti-Blue-Tri-Blend.jpg","image_id":"1501","thumb":"https:\/\/dw.nn-hb.de\/wp-content\/uploads\/2021\/06\/NX6733_Tahiti-Blue-Tri-Blend-150x150.jpg","value":"4","thumb_src":"https:\/\/dw.nn-hb.de\/wp-content\/uploads\/2021\/06\/NX6733_Tahiti-Blue-Tri-Blend.jpg","productImage":{"title":"","caption":"","url":"","alt":"","src":"","srcset":false,"sizes":false,"image_id":"1501"},"gt_translate_keys":["label"]},{"label":"Vintage-Black-(Tri-Blend)","price":"2","image":"https:\/\/dw.nn-hb.de\/wp-content\/uploads\/2021\/06\/NX6733_Vintage-Black-Tri-Blend.jpg","image_id":"1502","thumb":"https:\/\/dw.nn-hb.de\/wp-content\/uploads\/2021\/06\/NX6733_Vintage-Black-Tri-Blend-150x150.jpg","value":"5","thumb_src":"https:\/\/dw.nn-hb.de\/wp-content\/uploads\/2021\/06\/NX6733_Vintage-Black-Tri-Blend.jpg","productImage":{"title":"","caption":"","url":"","alt":"","src":"","srcset":false,"sizes":false,"image_id":"1502"},"gt_translate_keys":["label"]},{"label":"Vintage-Navy-(Tri-Blend)","price":"2","image":"https:\/\/dw.nn-hb.de\/wp-content\/uploads\/2021\/06\/NX6733_Vintage-Navy-Tri-Blend.jpg","image_id":"1503","thumb":"https:\/\/dw.nn-hb.de\/wp-content\/uploads\/2021\/06\/NX6733_Vintage-Navy-Tri-Blend-150x150.jpg","value":"6","thumb_src":"https:\/\/dw.nn-hb.de\/wp-content\/uploads\/2021\/06\/NX6733_Vintage-Navy-Tri-Blend.jpg","productImage":{"title":"","caption":"","url":"","alt":"","src":"","srcset":false,"sizes":false,"image_id":"1503"},"gt_translate_keys":["label"]},{"label":"Vintage-Pink-(Tri-Blend)","price":"2","image":"https:\/\/dw.nn-hb.de\/wp-content\/uploads\/2021\/06\/NX6733_Vintage-Pink-Tri-Blend.jpg","image_id":"1504","thumb":"https:\/\/dw.nn-hb.de\/wp-content\/uploads\/2021\/06\/NX6733_Vintage-Pink-Tri-Blend-150x150.jpg","value":"7","thumb_src":"https:\/\/dw.nn-hb.de\/wp-content\/uploads\/2021\/06\/NX6733_Vintage-Pink-Tri-Blend.jpg","productImage":{"title":"","caption":"","url":"","alt":"","src":"","srcset":false,"sizes":false,"image_id":"1504"},"gt_translate_keys":["label"]},{"label":"Vintage-Red-(Tri-Blend)","price":"2","image":"https:\/\/dw.nn-hb.de\/wp-content\/uploads\/2021\/06\/NX6733_Vintage-Red-Tri-Blend.jpg","image_id":"1505","thumb":"https:\/\/dw.nn-hb.de\/wp-content\/uploads\/2021\/06\/NX6733_Vintage-Red-Tri-Blend-150x150.jpg","value":"8","thumb_src":"https:\/\/dw.nn-hb.de\/wp-content\/uploads\/2021\/06\/NX6733_Vintage-Red-Tri-Blend.jpg","productImage":{"title":"","caption":"","url":"","alt":"","src":"","srcset":false,"sizes":false,"image_id":"1505"},"gt_translate_keys":["label"]},{"label":"Vintage-Royal-(Tri-Blend)","price":"2","image":"https:\/\/dw.nn-hb.de\/wp-content\/uploads\/2021\/06\/NX6733_Vintage-Royal-Tri-Blend.jpg","image_id":"1506","thumb":"https:\/\/dw.nn-hb.de\/wp-content\/uploads\/2021\/06\/NX6733_Vintage-Royal-Tri-Blend-150x150.jpg","value":"9","thumb_src":"https:\/\/dw.nn-hb.de\/wp-content\/uploads\/2021\/06\/NX6733_Vintage-Royal-Tri-Blend.jpg","productImage":{"title":"","caption":"","url":"","alt":"","src":"","srcset":false,"sizes":false,"image_id":"1506"},"gt_translate_keys":["label"]}],"relations":[{"operator":false,"rules":[{"operator":"and","rules":{"cl_field":"wcpa-select-1624628027346","cl_relation":"is_not","cl_val":"XS (Weite 39cm, L\u00e4nge 66cm)"}},{"operator":false,"rules":{"cl_field":"wcpa-select-1624628027346","cl_relation":"is_not","cl_val":"XS (Weite 39cm, L\u00e4nge 66cm)"}}]}],"active":true,"tooltip":"","layOut":"inline","gt_translate_keys":["label","tooltip"],"price_dependency":false,"cl_dependency":false,"value":""}],[{"type":"select","required":true,"elementId":"wcpa-select-1624628027346","label":"Gr\u00f6\u00dfe","enablePrice":true,"priceOptions":"different_for_all","pricingType":"fixed","name":"select-1624628027346","cl_rule":"show","col":6,"values":[{"label":"XS (Weite 39cm, L\u00e4nge 66cm)","value":"XS (Weite 39cm, L\u00e4nge 66cm)","price":"","pimage":"","pimage_id":"","pthumb":"","gt_translate_keys":["label"]},{"label":"S (Weite 41cm, L\u00e4nge 68cm)","value":"S (Weite 41cm, L\u00e4nge 68cm)","price":"","pimage":"","pimage_id":"","pthumb":"","selected":true,"gt_translate_keys":["label"]},{"label":"M (Weite 44cm, L\u00e4nge 69.5cm)","value":"M (Weite 44cm, L\u00e4nge 69.5cm)","price":"","pimage":"","pimage_id":"","pthumb":"","gt_translate_keys":["label"]},{"label":"L (Weite 46cm, L\u00e4nge 71cm)","value":"L (Weite 46cm, L\u00e4nge 71cm)","price":"","pimage":"","pimage_id":"","pthumb":"","gt_translate_keys":["label"]},{"label":"XL (Weite 49cm, L\u00e4nge 73cm)","value":"XL (Weite 49cm, L\u00e4nge 73cm)","price":"","pimage":"","pimage_id":"","pthumb":"","gt_translate_keys":["label"]},{"label":"XXL (Weite 54cm, L\u00e4nge 74.5cm)","value":"XXL (Weite 54cm, L\u00e4nge 74.5cm)","price":"2","pimage":"","pimage_id":"","pthumb":"","gt_translate_keys":["label"]}],"relations":false,"active":true,"tooltip":"","gt_translate_keys":["label","tooltip"],"price_dependency":false,"cl_dependency":false,"value":""}],[{"type":"content","subtype":"div","label":"","elementId":"wcpa-paragraph-1628264876133","pricingType":"fixed","cl_rule":"show","col":6,"relations":false,"active":true,"tooltip":"","value":"Um dieses Produkt in der gew\u00fcnschten Gr\u00f6\u00dfe und Farbe zu kaufen, suchen Sie sich Ihre Varianten aus und f\u00fcgen Sie es dem <b>Warenkorb<\/b> zu.\n\nF\u00fcr eine eigene Kreation des Produkts mit einem Motiv aus unserem Shop k\u00f6nnen Sie den <b>Creator<\/b> einsetzen indem Sie auf <b>Eigene Kreation<\/b> klicken.","name":"wcpa-paragraph-1628264876133","contentType":"plain","gt_translate_keys":["label","value","tooltip"],"price_dependency":false,"cl_dependency":false}]]}},"config":{"price_override":"","enable_recaptcha":false,"bind_quantity":false,"quantity_bind_formula":"","disp_summ_show_option_price":false,"disp_summ_show_product_price":false,"disp_summ_show_total_price":false,"disp_summ_show_fee":false,"disp_summ_show_discount":false,"summary_title":"","options_total_label":"Optionenpreis","total_label":"Insgesamt","options_product_label":"Produktpreis","fee_label":"Fee","discount_label":"Discount","has_price":true,"has_quantity_formula":false},"mc_unit":1,"tax_rate":1,"tax_rate_real":0.190000000000000002220446049250313080847263336181640625,"discount":{"percentage":0,"fixed":0},"design":{"conf":{"LabelPosition":"above","DescPosition":"above","UploadField":"custom_1","QuantityFieldStyle":"default"},"css":{"LeftLabelWidth":"120px"}},"formulas":[],"clones":false,"cartKey":false}},"_links":{"self":[{"href":"https:\/\/dw.nn-hb.de\/en\/wp-json\/wp\/v2\/product\/9411"}],"collection":[{"href":"https:\/\/dw.nn-hb.de\/en\/wp-json\/wp\/v2\/product"}],"about":[{"href":"https:\/\/dw.nn-hb.de\/en\/wp-json\/wp\/v2\/types\/product"}],"wp:attachment":[{"href":"https:\/\/dw.nn-hb.de\/en\/wp-json\/wp\/v2\/media?parent=9411"}],"wp:term":[{"taxonomy":"product_cat","embeddable":true,"href":"https:\/\/dw.nn-hb.de\/en\/wp-json\/wp\/v2\/product_cat?post=9411"},{"taxonomy":"product_tag","embeddable":true,"href":"https:\/\/dw.nn-hb.de\/en\/wp-json\/wp\/v2\/product_tag?post=9411"}],"curies":[{"name":"wp","href":"https:\/\/api.w.org\/{rel}","templated":true}]}}