{"id":9129,"date":"2021-07-02T15:58:24","date_gmt":"2021-07-02T15:58:24","guid":{"rendered":"https:\/\/deepwear.org\/product\/basic-champ_burgundy-with-bewusstseinserweiterung\/"},"modified":"2021-08-06T15:00:41","modified_gmt":"2021-08-06T15:00:41","slug":"basic-champ_burgundy-with-bewusstseinserweiterung","status":"publish","type":"product","link":"https:\/\/dw.nn-hb.de\/en\/product\/basic-champ_burgundy-with-bewusstseinserweiterung\/","title":{"rendered":"&quot;Basic Champ&quot;_Burgundy &#8211; with Bewusstseinserweiterung"},"content":{"rendered":"","protected":false},"excerpt":{"rendered":"<p> \u2022 Textil: Basic Champ <br \/> \u2022 Design: Bewusstseinserweiterung <\/p>","protected":false},"featured_media":0,"template":"","meta":{"_et_pb_use_builder":"","_et_pb_old_content":"","_et_gb_content_width":""},"product_cat":[40,70],"product_tag":[],"wcpa_form_fields":{"wcpaData":{"product":{"product_price":15,"price_html":"<span class=\"woocommerce-Price-amount amount\"><bdi>15,00&nbsp;<span class=\"woocommerce-Price-currencySymbol\">&euro;<\/span><\/bdi><\/span>","original_product_price":15,"price_including_tax":15,"price_excluding_tax":12.605042000000000967929736361838877201080322265625,"product_id":{"parent":9129,"variation":false},"is_variable":false,"stock_status":"instock","stock_quantity":null,"parent_sku":"&quot;Basic Champ&quot;_Burgundy - with Bewusstseinserweiterung","product_attributes":[],"custom_fields":[],"is_taxable":true},"fields":{"sec_569d0e4bd964e3":{"extra":{"key":"sec_569d0e4bd964e3","section_id":"sec_569d0e4bd964e3","name":"Default","status":1,"cl_rule":"show","enableCl":false,"relations":[],"toggle":true,"title_tag":"h3","show_title":false,"showPrice":"default","form_id":2391,"form_rules":{"exclude_from_discount":false,"fee_label":"Fee","disp_hide_options_price":false,"disp_show_section_price":false,"disp_show_field_price":false,"layout_option":"standard","pric_use_as_fee":false,"process_fee_as":"woo_fee"},"layout_option":"standard"},"fields":[[{"type":"image-group","required":true,"label":"Farbe","elementId":"wcpa-image-group-1624628707053","inline":true,"priceOptions":"different_for_all","pricingType":"fixed","disp_size_img":{"width":"100","height":""},"img_preview":true,"enable_popup":"no","name":"image-group-1624628707053","show_as_product_image":true,"disp_type":"square","img_selection_type":"tick","other_text":"Other","enableCl":true,"cl_rule":"show","cl_val":"5XL (Weite 77.5cm, L\u00e4nge 85.5cm)","operator":"and","col":6,"values":[{"label":"Black","price":"","image":"https:\/\/dw.nn-hb.de\/wp-content\/uploads\/2021\/06\/F130_Black.jpg","image_id":"340","thumb":"https:\/\/dw.nn-hb.de\/wp-content\/uploads\/2021\/06\/F130_Black-150x150.jpg","value":"0","thumb_src":"https:\/\/dw.nn-hb.de\/wp-content\/uploads\/2021\/06\/F130_Black.jpg","productImage":{"title":"","caption":"","url":"","alt":"","src":"","srcset":false,"sizes":false,"image_id":"340"},"gt_translate_keys":["label"]},{"label":"Burgundy","price":"","image":"https:\/\/dw.nn-hb.de\/wp-content\/uploads\/2021\/06\/F130_Burgundy.jpg","image_id":"341","thumb":"https:\/\/dw.nn-hb.de\/wp-content\/uploads\/2021\/06\/F130_Burgundy-150x150.jpg","value":"1","thumb_src":"https:\/\/dw.nn-hb.de\/wp-content\/uploads\/2021\/06\/F130_Burgundy.jpg","productImage":{"title":"","caption":"","url":"","alt":"","src":"","srcset":false,"sizes":false,"image_id":"341"},"gt_translate_keys":["label"]},{"label":"Classic-Olive","price":"","image":"https:\/\/dw.nn-hb.de\/wp-content\/uploads\/2021\/06\/F130_Classic-Olive.jpg","image_id":"342","thumb":"https:\/\/dw.nn-hb.de\/wp-content\/uploads\/2021\/06\/F130_Classic-Olive-150x150.jpg","value":"2","thumb_src":"https:\/\/dw.nn-hb.de\/wp-content\/uploads\/2021\/06\/F130_Classic-Olive.jpg","productImage":{"title":"","caption":"","url":"","alt":"","src":"","srcset":false,"sizes":false,"image_id":"342"},"gt_translate_keys":["label"]},{"label":"Cobalt-Blue","price":"","image":"https:\/\/dw.nn-hb.de\/wp-content\/uploads\/2021\/06\/F130_Cobalt-Blue.jpg","image_id":"343","thumb":"https:\/\/dw.nn-hb.de\/wp-content\/uploads\/2021\/06\/F130_Cobalt-Blue-150x150.jpg","value":"3","thumb_src":"https:\/\/dw.nn-hb.de\/wp-content\/uploads\/2021\/06\/F130_Cobalt-Blue.jpg","productImage":{"title":"","caption":"","url":"","alt":"","src":"","srcset":false,"sizes":false,"image_id":"343"},"gt_translate_keys":["label"]},{"label":"Dark-Heather-Grey","price":"","image":"https:\/\/dw.nn-hb.de\/wp-content\/uploads\/2021\/06\/F130_Dark-Heather-Grey.jpg","image_id":"344","thumb":"https:\/\/dw.nn-hb.de\/wp-content\/uploads\/2021\/06\/F130_Dark-Heather-Grey-150x150.jpg","value":"4","thumb_src":"https:\/\/dw.nn-hb.de\/wp-content\/uploads\/2021\/06\/F130_Dark-Heather-Grey.jpg","productImage":{"title":"","caption":"","url":"","alt":"","src":"","srcset":false,"sizes":false,"image_id":"344"},"gt_translate_keys":["label"]},{"label":"Deep-Navy","price":"","image":"https:\/\/dw.nn-hb.de\/wp-content\/uploads\/2021\/06\/F130_Deep-Navy.jpg","image_id":"345","thumb":"https:\/\/dw.nn-hb.de\/wp-content\/uploads\/2021\/06\/F130_Deep-Navy-150x150.jpg","value":"5","thumb_src":"https:\/\/dw.nn-hb.de\/wp-content\/uploads\/2021\/06\/F130_Deep-Navy.jpg","productImage":{"title":"","caption":"","url":"","alt":"","src":"","srcset":false,"sizes":false,"image_id":"345"},"gt_translate_keys":["label"]},{"label":"Flame","price":"","image":"https:\/\/dw.nn-hb.de\/wp-content\/uploads\/2021\/06\/F130_Flame.jpg","image_id":"346","thumb":"https:\/\/dw.nn-hb.de\/wp-content\/uploads\/2021\/06\/F130_Flame-150x150.jpg","value":"6","thumb_src":"https:\/\/dw.nn-hb.de\/wp-content\/uploads\/2021\/06\/F130_Flame.jpg","productImage":{"title":"","caption":"","url":"","alt":"","src":"","srcset":false,"sizes":false,"image_id":"346"},"gt_translate_keys":["label"]},{"label":"Forest-Green","price":"","image":"https:\/\/dw.nn-hb.de\/wp-content\/uploads\/2021\/06\/F130_Forest-Green.jpg","image_id":"347","thumb":"https:\/\/dw.nn-hb.de\/wp-content\/uploads\/2021\/06\/F130_Forest-Green-150x150.jpg","value":"7","thumb_src":"https:\/\/dw.nn-hb.de\/wp-content\/uploads\/2021\/06\/F130_Forest-Green.jpg","productImage":{"title":"","caption":"","url":"","alt":"","src":"","srcset":false,"sizes":false,"image_id":"347"},"gt_translate_keys":["label"]},{"label":"Heather-Burgundy","price":"","image":"https:\/\/dw.nn-hb.de\/wp-content\/uploads\/2021\/06\/F130_Heather-Burgundy.jpg","image_id":"348","thumb":"https:\/\/dw.nn-hb.de\/wp-content\/uploads\/2021\/06\/F130_Heather-Burgundy-150x150.jpg","value":"8","thumb_src":"https:\/\/dw.nn-hb.de\/wp-content\/uploads\/2021\/06\/F130_Heather-Burgundy.jpg","productImage":{"title":"","caption":"","url":"","alt":"","src":"","srcset":false,"sizes":false,"image_id":"348"},"gt_translate_keys":["label"]},{"label":"Heather-Green","price":"","image":"https:\/\/dw.nn-hb.de\/wp-content\/uploads\/2021\/06\/F130_Heather-Green.jpg","image_id":"349","thumb":"https:\/\/dw.nn-hb.de\/wp-content\/uploads\/2021\/06\/F130_Heather-Green-150x150.jpg","value":"9","thumb_src":"https:\/\/dw.nn-hb.de\/wp-content\/uploads\/2021\/06\/F130_Heather-Green.jpg","productImage":{"title":"","caption":"","url":"","alt":"","src":"","srcset":false,"sizes":false,"image_id":"349"},"gt_translate_keys":["label"]},{"label":"Heather-Grey","price":"","image":"https:\/\/dw.nn-hb.de\/wp-content\/uploads\/2021\/06\/F130_Heather-Grey.jpg","image_id":"350","thumb":"https:\/\/dw.nn-hb.de\/wp-content\/uploads\/2021\/06\/F130_Heather-Grey-150x150.jpg","value":"10","thumb_src":"https:\/\/dw.nn-hb.de\/wp-content\/uploads\/2021\/06\/F130_Heather-Grey.jpg","productImage":{"title":"","caption":"","url":"","alt":"","src":"","srcset":false,"sizes":false,"image_id":"350"},"gt_translate_keys":["label"]},{"label":"Heather-Navy","price":"","image":"https:\/\/dw.nn-hb.de\/wp-content\/uploads\/2021\/06\/F130_Heather-Navy.jpg","image_id":"351","thumb":"https:\/\/dw.nn-hb.de\/wp-content\/uploads\/2021\/06\/F130_Heather-Navy-150x150.jpg","value":"11","thumb_src":"https:\/\/dw.nn-hb.de\/wp-content\/uploads\/2021\/06\/F130_Heather-Navy.jpg","productImage":{"title":"","caption":"","url":"","alt":"","src":"","srcset":false,"sizes":false,"image_id":"351"},"gt_translate_keys":["label"]},{"label":"Heather-Purple","price":"","image":"https:\/\/dw.nn-hb.de\/wp-content\/uploads\/2021\/06\/F130_Heather-Purple.jpg","image_id":"352","thumb":"https:\/\/dw.nn-hb.de\/wp-content\/uploads\/2021\/06\/F130_Heather-Purple-150x150.jpg","value":"12","thumb_src":"https:\/\/dw.nn-hb.de\/wp-content\/uploads\/2021\/06\/F130_Heather-Purple.jpg","productImage":{"title":"","caption":"","url":"","alt":"","src":"","srcset":false,"sizes":false,"image_id":"352"},"gt_translate_keys":["label"]},{"label":"Heather-Red","price":"","image":"https:\/\/dw.nn-hb.de\/wp-content\/uploads\/2021\/06\/F130_Heather-Red.jpg","image_id":"353","thumb":"https:\/\/dw.nn-hb.de\/wp-content\/uploads\/2021\/06\/F130_Heather-Red-150x150.jpg","value":"13","thumb_src":"https:\/\/dw.nn-hb.de\/wp-content\/uploads\/2021\/06\/F130_Heather-Red.jpg","productImage":{"title":"","caption":"","url":"","alt":"","src":"","srcset":false,"sizes":false,"image_id":"353"},"gt_translate_keys":["label"]},{"label":"Heather-Royal","price":"","image":"https:\/\/dw.nn-hb.de\/wp-content\/uploads\/2021\/06\/F130_Heather-Royal.jpg","image_id":"354","thumb":"https:\/\/dw.nn-hb.de\/wp-content\/uploads\/2021\/06\/F130_Heather-Royal-150x150.jpg","value":"14","thumb_src":"https:\/\/dw.nn-hb.de\/wp-content\/uploads\/2021\/06\/F130_Heather-Royal.jpg","productImage":{"title":"","caption":"","url":"","alt":"","src":"","srcset":false,"sizes":false,"image_id":"354"},"gt_translate_keys":["label"]},{"label":"Kelly-Green","price":"","image":"https:\/\/dw.nn-hb.de\/wp-content\/uploads\/2021\/06\/F130_Kelly-Green.jpg","image_id":"355","thumb":"https:\/\/dw.nn-hb.de\/wp-content\/uploads\/2021\/06\/F130_Kelly-Green-150x150.jpg","value":"15","thumb_src":"https:\/\/dw.nn-hb.de\/wp-content\/uploads\/2021\/06\/F130_Kelly-Green.jpg","productImage":{"title":"","caption":"","url":"","alt":"","src":"","srcset":false,"sizes":false,"image_id":"355"},"gt_translate_keys":["label"]},{"label":"Light-Graphite-(solid)","price":"","image":"https:\/\/dw.nn-hb.de\/wp-content\/uploads\/2021\/06\/F130_Light-Graphite-Solid.jpg","image_id":"356","thumb":"https:\/\/dw.nn-hb.de\/wp-content\/uploads\/2021\/06\/F130_Light-Graphite-Solid-150x150.jpg","value":"16","thumb_src":"https:\/\/dw.nn-hb.de\/wp-content\/uploads\/2021\/06\/F130_Light-Graphite-Solid.jpg","productImage":{"title":"","caption":"","url":"","alt":"","src":"","srcset":false,"sizes":false,"image_id":"356"},"gt_translate_keys":["label"]},{"label":"Natural","price":"","image":"https:\/\/dw.nn-hb.de\/wp-content\/uploads\/2021\/06\/F130_Natural.jpg","image_id":"357","thumb":"https:\/\/dw.nn-hb.de\/wp-content\/uploads\/2021\/06\/F130_Natural-150x150.jpg","value":"17","thumb_src":"https:\/\/dw.nn-hb.de\/wp-content\/uploads\/2021\/06\/F130_Natural.jpg","productImage":{"title":"","caption":"","url":"","alt":"","src":"","srcset":false,"sizes":false,"image_id":"357"},"gt_translate_keys":["label"]},{"label":"Navy","price":"","image":"https:\/\/dw.nn-hb.de\/wp-content\/uploads\/2021\/06\/F130_Navy.jpg","image_id":"358","thumb":"https:\/\/dw.nn-hb.de\/wp-content\/uploads\/2021\/06\/F130_Navy-150x150.jpg","value":"18","thumb_src":"https:\/\/dw.nn-hb.de\/wp-content\/uploads\/2021\/06\/F130_Navy.jpg","productImage":{"title":"","caption":"","url":"","alt":"","src":"","srcset":false,"sizes":false,"image_id":"358"},"gt_translate_keys":["label"]},{"label":"Red","price":"","image":"https:\/\/dw.nn-hb.de\/wp-content\/uploads\/2021\/06\/F130_Red.jpg","image_id":"359","thumb":"https:\/\/dw.nn-hb.de\/wp-content\/uploads\/2021\/06\/F130_Red-150x150.jpg","value":"19","thumb_src":"https:\/\/dw.nn-hb.de\/wp-content\/uploads\/2021\/06\/F130_Red.jpg","productImage":{"title":"","caption":"","url":"","alt":"","src":"","srcset":false,"sizes":false,"image_id":"359"},"gt_translate_keys":["label"]},{"label":"Royal-Blue","price":"","image":"https:\/\/dw.nn-hb.de\/wp-content\/uploads\/2021\/06\/F130_Royal-Blue.jpg","image_id":"360","thumb":"https:\/\/dw.nn-hb.de\/wp-content\/uploads\/2021\/06\/F130_Royal-Blue-150x150.jpg","value":"20","thumb_src":"https:\/\/dw.nn-hb.de\/wp-content\/uploads\/2021\/06\/F130_Royal-Blue.jpg","productImage":{"title":"","caption":"","url":"","alt":"","src":"","srcset":false,"sizes":false,"image_id":"360"},"gt_translate_keys":["label"]},{"label":"Sunflower","price":"","image":"https:\/\/dw.nn-hb.de\/wp-content\/uploads\/2021\/06\/F130_Sunflower.jpg","image_id":"361","thumb":"https:\/\/dw.nn-hb.de\/wp-content\/uploads\/2021\/06\/F130_Sunflower-150x150.jpg","value":"21","thumb_src":"https:\/\/dw.nn-hb.de\/wp-content\/uploads\/2021\/06\/F130_Sunflower.jpg","productImage":{"title":"","caption":"","url":"","alt":"","src":"","srcset":false,"sizes":false,"image_id":"361"},"gt_translate_keys":["label"]},{"label":"White","price":"","image":"https:\/\/dw.nn-hb.de\/wp-content\/uploads\/2021\/06\/F130_White.jpg","image_id":"362","thumb":"https:\/\/dw.nn-hb.de\/wp-content\/uploads\/2021\/06\/F130_White-150x150.jpg","value":"22","thumb_src":"https:\/\/dw.nn-hb.de\/wp-content\/uploads\/2021\/06\/F130_White.jpg","productImage":{"title":"","caption":"","url":"","alt":"","src":"","srcset":false,"sizes":false,"image_id":"362"},"gt_translate_keys":["label"]},{"label":"Zinc-(solid)","price":"","image":"https:\/\/dw.nn-hb.de\/wp-content\/uploads\/2021\/06\/F130_Zinc-Solid.jpg","image_id":"363","thumb":"https:\/\/dw.nn-hb.de\/wp-content\/uploads\/2021\/06\/F130_Zinc-Solid-150x150.jpg","value":"23","thumb_src":"https:\/\/dw.nn-hb.de\/wp-content\/uploads\/2021\/06\/F130_Zinc-Solid.jpg","productImage":{"title":"","caption":"","url":"","alt":"","src":"","srcset":false,"sizes":false,"image_id":"363"},"gt_translate_keys":["label"]}],"relations":[{"operator":false,"rules":[{"operator":"and","rules":{"cl_field":"wcpa-select-1624628027346","cl_relation":"is_not","cl_val":"4XL (Weite 73cm, L\u00e4nge 83cm)"}},{"operator":false,"rules":{"cl_field":"wcpa-select-1624628027346","cl_relation":"is_not","cl_val":"5XL (Weite 77.5cm, L\u00e4nge 85.5cm)"}}]}],"active":true,"tooltip":"","layOut":"inline","gt_translate_keys":["label","tooltip"],"price_dependency":false,"cl_dependency":false,"value":""}],[{"type":"image-group","required":true,"label":"Farbe","elementId":"wcpa-image-group-1624629084437","inline":true,"priceOptions":"different_for_all","pricingType":"fixed","disp_size_img":{"width":"100","height":""},"enable_popup":"no","name":"image-group-1624629084436","show_as_product_image":true,"disp_type":"square","img_selection_type":"tick","other_text":"Other","enableCl":true,"cl_rule":"show","cl_val":"5XL (Weite 77.5cm, L\u00e4nge 85.5cm)","col":6,"values":[{"label":"Black","price":"","image":"https:\/\/dw.nn-hb.de\/wp-content\/uploads\/2021\/06\/F130_Black.jpg","image_id":"340","thumb":"https:\/\/dw.nn-hb.de\/wp-content\/uploads\/2021\/06\/F130_Black-150x150.jpg","value":"0","thumb_src":"https:\/\/dw.nn-hb.de\/wp-content\/uploads\/2021\/06\/F130_Black.jpg","productImage":{"title":"","caption":"","url":"","alt":"","src":"","srcset":false,"sizes":false,"image_id":"340"},"gt_translate_keys":["label"]},{"label":"White","price":"","image":"https:\/\/dw.nn-hb.de\/wp-content\/uploads\/2021\/06\/F130_White.jpg","image_id":"362","thumb":"https:\/\/dw.nn-hb.de\/wp-content\/uploads\/2021\/06\/F130_White-150x150.jpg","value":"1","thumb_src":"https:\/\/dw.nn-hb.de\/wp-content\/uploads\/2021\/06\/F130_White.jpg","productImage":{"title":"","caption":"","url":"","alt":"","src":"","srcset":false,"sizes":false,"image_id":"362"},"gt_translate_keys":["label"]},{"label":"Heather-Grey","price":"","image":"https:\/\/dw.nn-hb.de\/wp-content\/uploads\/2021\/06\/F130_Heather-Grey.jpg","image_id":"350","thumb":"https:\/\/dw.nn-hb.de\/wp-content\/uploads\/2021\/06\/F130_Heather-Grey-150x150.jpg","value":"2","thumb_src":"https:\/\/dw.nn-hb.de\/wp-content\/uploads\/2021\/06\/F130_Heather-Grey.jpg","productImage":{"title":"","caption":"","url":"","alt":"","src":"","srcset":false,"sizes":false,"image_id":"350"},"gt_translate_keys":["label"]}],"relations":[{"operator":false,"rules":[{"operator":false,"rules":{"cl_field":"wcpa-select-1624628027346","cl_relation":"is","cl_val":"5XL (Weite 77.5cm, L\u00e4nge 85.5cm)"}}]}],"active":true,"tooltip":"","layOut":"inline","gt_translate_keys":["label","tooltip"],"price_dependency":false,"cl_dependency":false,"value":""}],[{"type":"image-group","required":true,"label":"Farbe","elementId":"wcpa-image-group-1624630013987","inline":true,"priceOptions":"different_for_all","pricingType":"fixed","disp_size_img":{"width":"100","height":""},"enable_popup":"no","name":"image-group-1624630013986","show_as_product_image":true,"disp_type":"square","img_selection_type":"outline","other_text":"Other","enableCl":true,"cl_rule":"show","cl_val":"4XL (Weite 73cm, L\u00e4nge 83cm)","col":6,"values":[{"label":"Black","price":"","image":"https:\/\/dw.nn-hb.de\/wp-content\/uploads\/2021\/06\/F130_Black.jpg","image_id":"340","thumb":"https:\/\/dw.nn-hb.de\/wp-content\/uploads\/2021\/06\/F130_Black-150x150.jpg","value":"0","thumb_src":"https:\/\/dw.nn-hb.de\/wp-content\/uploads\/2021\/06\/F130_Black.jpg","productImage":{"title":"","caption":"","url":"","alt":"","src":"","srcset":false,"sizes":false,"image_id":"340"},"gt_translate_keys":["label"]},{"label":"White","price":"","image":"https:\/\/dw.nn-hb.de\/wp-content\/uploads\/2021\/06\/F130_White.jpg","image_id":"362","thumb":"https:\/\/dw.nn-hb.de\/wp-content\/uploads\/2021\/06\/F130_White-150x150.jpg","value":"1","thumb_src":"https:\/\/dw.nn-hb.de\/wp-content\/uploads\/2021\/06\/F130_White.jpg","productImage":{"title":"","caption":"","url":"","alt":"","src":"","srcset":false,"sizes":false,"image_id":"362"},"gt_translate_keys":["label"]},{"label":"Heather-Grey","price":"","image":"https:\/\/dw.nn-hb.de\/wp-content\/uploads\/2021\/06\/F130_Heather-Grey.jpg","image_id":"350","thumb":"https:\/\/dw.nn-hb.de\/wp-content\/uploads\/2021\/06\/F130_Heather-Grey-150x150.jpg","value":"2","thumb_src":"https:\/\/dw.nn-hb.de\/wp-content\/uploads\/2021\/06\/F130_Heather-Grey.jpg","productImage":{"title":"","caption":"","url":"","alt":"","src":"","srcset":false,"sizes":false,"image_id":"350"},"gt_translate_keys":["label"]},{"label":"Red","price":"","image":"https:\/\/dw.nn-hb.de\/wp-content\/uploads\/2021\/06\/F130_Red.jpg","image_id":"359","thumb":"https:\/\/dw.nn-hb.de\/wp-content\/uploads\/2021\/06\/F130_Red-150x150.jpg","value":"3","thumb_src":"https:\/\/dw.nn-hb.de\/wp-content\/uploads\/2021\/06\/F130_Red.jpg","productImage":{"title":"","caption":"","url":"","alt":"","src":"","srcset":false,"sizes":false,"image_id":"359"},"gt_translate_keys":["label"]},{"label":"Deep-Navy","price":"","image":"https:\/\/dw.nn-hb.de\/wp-content\/uploads\/2021\/06\/F130_Deep-Navy.jpg","image_id":"345","thumb":"https:\/\/dw.nn-hb.de\/wp-content\/uploads\/2021\/06\/F130_Deep-Navy-150x150.jpg","value":"4","thumb_src":"https:\/\/dw.nn-hb.de\/wp-content\/uploads\/2021\/06\/F130_Deep-Navy.jpg","productImage":{"title":"","caption":"","url":"","alt":"","src":"","srcset":false,"sizes":false,"image_id":"345"},"gt_translate_keys":["label"]}],"relations":[{"operator":false,"rules":[{"operator":false,"rules":{"cl_field":"wcpa-select-1624628027346","cl_relation":"is","cl_val":"4XL (Weite 73cm, L\u00e4nge 83cm)"}}]}],"active":true,"tooltip":"","layOut":"inline","gt_translate_keys":["label","tooltip"],"price_dependency":false,"cl_dependency":false,"value":""}],[{"type":"select","required":true,"elementId":"wcpa-select-1624628027346","label":"Gr\u00f6\u00dfe","enablePrice":true,"priceOptions":"different_for_all","pricingType":"fixed","name":"select-1624628027346","cl_rule":"show","col":6,"values":[{"label":"S (Weite 46cm, L\u00e4nge 68cm)","value":"S (Weite 46cm, L\u00e4nge 68cm)","price":"","pimage":"","pimage_id":"","pthumb":"","selected":true,"gt_translate_keys":["label"]},{"label":"M (Weite 48.5cm, L\u00e4nge 70.5cm)","value":"M (Weite 48.5cm, L\u00e4nge 70.5cm)","price":"","pimage":"","pimage_id":"","pthumb":"","gt_translate_keys":["label"]},{"label":"L (Weite 53.5cm, L\u00e4nge 73cm)","value":"L (Weite 53.5cm, L\u00e4nge 73cm)","price":"","pimage":"","pimage_id":"","pthumb":"","gt_translate_keys":["label"]},{"label":"XL (Weite 59cm, L\u00e4nge 75.5cm)","value":"XL (Weite 59cm, L\u00e4nge 75.5cm)","price":"","pimage":"","pimage_id":"","pthumb":"","gt_translate_keys":["label"]},{"label":"XXL (Weite 64cm, L\u00e4nge 78cm)","value":"XXL (Weite 64cm, L\u00e4nge 78cm)","price":"1","pimage":"","pimage_id":"","pthumb":"","gt_translate_keys":["label"]},{"label":"3XL (Weite 68.5cm, L\u00e4nge 80.5cm)","value":"3XL (Weite 68.5cm, L\u00e4nge 80.5cm)","price":"2","pimage":"","pimage_id":"","pthumb":"","gt_translate_keys":["label"]},{"label":"4XL (Weite 73cm, L\u00e4nge 83cm)","value":"4XL (Weite 73cm, L\u00e4nge 83cm)","price":"3","pimage":"","pimage_id":"","pthumb":"","gt_translate_keys":["label"]},{"label":"5XL (Weite 77.5cm, L\u00e4nge 85.5cm)","value":"5XL (Weite 77.5cm, L\u00e4nge 85.5cm)","price":"4","pimage":"","pimage_id":"","pthumb":"","gt_translate_keys":["label"]}],"relations":false,"active":true,"tooltip":"","gt_translate_keys":["label","tooltip"],"price_dependency":false,"cl_dependency":["wcpa-image-group-1624628707053","wcpa-image-group-1624628707053","wcpa-image-group-1624629084437","wcpa-image-group-1624630013987"],"value":""}],[{"type":"content","subtype":"div","label":"","elementId":"wcpa-paragraph-1628262460098","pricingType":"fixed","cl_rule":"show","col":6,"relations":false,"active":true,"tooltip":"","value":"Um dieses Produkt in der gew\u00fcnschten Gr\u00f6\u00dfe und Farbe zu kaufen, suchen Sie sich Ihre Varianten aus und f\u00fcgen Sie es dem <b>Warenkorb<\/b> zu.\n\nF\u00fcr eine eigene Kreation des Produkts mit einem Motiv aus unserem Shop k\u00f6nnen Sie den <b>Creator<\/b> einsetzen indem Sie auf <b>Eigene Kreation<\/b> klicken.","name":"wcpa-paragraph-1628262460098","contentType":"plain","gt_translate_keys":["label","value","tooltip"],"price_dependency":false,"cl_dependency":false}]]}},"config":{"price_override":"","enable_recaptcha":false,"bind_quantity":false,"quantity_bind_formula":"","disp_summ_show_option_price":false,"disp_summ_show_product_price":false,"disp_summ_show_total_price":false,"disp_summ_show_fee":false,"disp_summ_show_discount":false,"summary_title":"","options_total_label":"Optionenpreis","total_label":"Insgesamt","options_product_label":"Produktpreis","fee_label":"Fee","discount_label":"Discount","has_price":true,"has_quantity_formula":false},"mc_unit":1,"tax_rate":1,"tax_rate_real":0.190000000000000002220446049250313080847263336181640625,"discount":{"percentage":0,"fixed":0},"design":{"conf":{"LabelPosition":"above","DescPosition":"above","UploadField":"custom_1","QuantityFieldStyle":"default"},"css":{"LeftLabelWidth":"120px"}},"formulas":[],"clones":false,"cartKey":false}},"_links":{"self":[{"href":"https:\/\/dw.nn-hb.de\/en\/wp-json\/wp\/v2\/product\/9129"}],"collection":[{"href":"https:\/\/dw.nn-hb.de\/en\/wp-json\/wp\/v2\/product"}],"about":[{"href":"https:\/\/dw.nn-hb.de\/en\/wp-json\/wp\/v2\/types\/product"}],"wp:attachment":[{"href":"https:\/\/dw.nn-hb.de\/en\/wp-json\/wp\/v2\/media?parent=9129"}],"wp:term":[{"taxonomy":"product_cat","embeddable":true,"href":"https:\/\/dw.nn-hb.de\/en\/wp-json\/wp\/v2\/product_cat?post=9129"},{"taxonomy":"product_tag","embeddable":true,"href":"https:\/\/dw.nn-hb.de\/en\/wp-json\/wp\/v2\/product_tag?post=9129"}],"curies":[{"name":"wp","href":"https:\/\/api.w.org\/{rel}","templated":true}]}}