{"id":9098,"date":"2021-07-02T15:58:19","date_gmt":"2021-07-02T15:58:19","guid":{"rendered":"https:\/\/deepwear.org\/product\/basic-stretch_black-with-skull-totem\/"},"modified":"2021-08-06T15:00:40","modified_gmt":"2021-08-06T15:00:40","slug":"basic-stretch_black-with-skull-totem","status":"publish","type":"product","link":"https:\/\/dw.nn-hb.de\/en\/product\/basic-stretch_black-with-skull-totem\/","title":{"rendered":"&quot;Basic Stretch&quot;_Black &#8211; with Skull Totem"},"content":{"rendered":"","protected":false},"excerpt":{"rendered":"<p> \u2022 Design: Skull Totem <br \/> \u2022 Print: UV &#038; 3D active <br \/> \u2022 Size: 14 x 22 cm<\/p>","protected":false},"featured_media":0,"template":"","meta":{"_et_pb_use_builder":"","_et_pb_old_content":"","_et_gb_content_width":""},"product_cat":[51],"product_tag":[],"wcpa_form_fields":{"wcpaData":{"product":{"product_price":30,"price_html":"<span class=\"woocommerce-Price-amount amount\"><bdi>30,00&nbsp;<span class=\"woocommerce-Price-currencySymbol\">&euro;<\/span><\/bdi><\/span>","original_product_price":30,"price_including_tax":30,"price_excluding_tax":25.21008400000000193585947272367775440216064453125,"product_id":{"parent":9098,"variation":false},"is_variable":false,"stock_status":"instock","stock_quantity":null,"parent_sku":"&quot;Basic Stretch&quot;_Black - with Skull Totem","product_attributes":[],"custom_fields":[],"is_taxable":true},"fields":{"sec_469d0e56be44fd":{"extra":{"key":"sec_469d0e56be44fd","section_id":"sec_469d0e56be44fd","name":"Default","status":1,"cl_rule":"show","enableCl":false,"relations":[],"toggle":true,"title_tag":"h3","show_title":false,"showPrice":"default","form_id":9619,"form_rules":{"exclude_from_discount":false,"fee_label":"Fee","disp_hide_options_price":false,"disp_show_section_price":false,"disp_show_field_price":false,"layout_option":"standard","pric_use_as_fee":false,"process_fee_as":"woo_fee"},"layout_option":"standard"},"fields":[[{"type":"image-group","required":true,"label":"Farbe","elementId":"wcpa-image-group-1624628707053","inline":true,"priceOptions":"different_for_all","pricingType":"fixed","disp_size_img":{"width":"100","height":""},"enable_popup":"no","name":"image-group-1624628707053","show_as_product_image":true,"disp_type":"square","img_selection_type":"tick","other_text":"Other","cl_rule":"show","cl_val":"S (Weite 34cm, L\u00e4nge 59cm)","operator":"and","col":6,"values":[{"label":"Black","price":"","image":"https:\/\/dw.nn-hb.de\/wp-content\/uploads\/2021\/06\/SW420_Black.jpg","image_id":"1519","thumb":"https:\/\/dw.nn-hb.de\/wp-content\/uploads\/2021\/06\/SW420_Black-150x150.jpg","value":"0","thumb_src":"https:\/\/dw.nn-hb.de\/wp-content\/uploads\/2021\/06\/SW420_Black.jpg","productImage":{"title":"","caption":"","url":"","alt":"","src":"","srcset":false,"sizes":false,"image_id":"1519"},"gt_translate_keys":["label"]},{"label":"White","price":"","image":"https:\/\/dw.nn-hb.de\/wp-content\/uploads\/2021\/06\/SW420_White.jpg","image_id":"1520","thumb":"https:\/\/dw.nn-hb.de\/wp-content\/uploads\/2021\/06\/SW420_White-150x150.jpg","value":"1","thumb_src":"https:\/\/dw.nn-hb.de\/wp-content\/uploads\/2021\/06\/SW420_White.jpg","productImage":{"title":"","caption":"","url":"","alt":"","src":"","srcset":false,"sizes":false,"image_id":"1520"},"gt_translate_keys":["label"]}],"relations":[{"operator":false,"rules":[{"operator":"and","rules":{"cl_field":"wcpa-select-1624628027346","cl_relation":"is_not","cl_val":"S (Weite 34cm, L\u00e4nge 59cm)"}},{"operator":false,"rules":{"cl_field":"wcpa-select-1624628027346","cl_relation":"is_not","cl_val":"S (Weite 34cm, L\u00e4nge 59cm)"}}]}],"active":true,"tooltip":"","layOut":"inline","gt_translate_keys":["label","tooltip"],"price_dependency":false,"cl_dependency":false,"value":""}],[{"type":"select","required":true,"elementId":"wcpa-select-1624628027346","label":"Gr\u00f6\u00dfe","priceOptions":"different_for_all","pricingType":"fixed","name":"select-1624628027346","cl_rule":"show","col":6,"values":[{"label":"S (Weite 34cm, L\u00e4nge 59cm)","value":"S (Weite 34cm, L\u00e4nge 59cm)","price":"","pimage":"","pimage_id":"","pthumb":"","gt_translate_keys":["label"]},{"label":"M (Weite 37cm, L\u00e4nge 60cm)","value":"M (Weite 37cm, L\u00e4nge 60cm)","price":"","pimage":"","pimage_id":"","pthumb":"","gt_translate_keys":["label"]},{"label":"L (Weite 40cm, L\u00e4nge 61cm)","value":"L (Weite 40cm, L\u00e4nge 61cm)","price":"","pimage":"","pimage_id":"","pthumb":"","gt_translate_keys":["label"]},{"label":"XL (Weite 43cm, L\u00e4nge 62cm)","value":"XL (Weite 43cm, L\u00e4nge 62cm)","price":"","pimage":"","pimage_id":"","pthumb":"","gt_translate_keys":["label"]}],"relations":false,"active":true,"tooltip":"","gt_translate_keys":["label","tooltip"],"price_dependency":false,"cl_dependency":false,"value":""}]]}},"config":{"price_override":"","enable_recaptcha":false,"bind_quantity":false,"quantity_bind_formula":"","disp_summ_show_option_price":false,"disp_summ_show_product_price":false,"disp_summ_show_total_price":false,"disp_summ_show_fee":false,"disp_summ_show_discount":false,"summary_title":"","options_total_label":"Optionenpreis","total_label":"Insgesamt","options_product_label":"Produktpreis","fee_label":"Fee","discount_label":"Discount","has_price":true,"has_quantity_formula":false},"mc_unit":1,"tax_rate":1,"tax_rate_real":0.190000000000000002220446049250313080847263336181640625,"discount":{"percentage":0,"fixed":0},"design":{"conf":{"LabelPosition":"above","DescPosition":"above","UploadField":"custom_1","QuantityFieldStyle":"default"},"css":{"LeftLabelWidth":"120px"}},"formulas":[],"clones":false,"cartKey":false}},"_links":{"self":[{"href":"https:\/\/dw.nn-hb.de\/en\/wp-json\/wp\/v2\/product\/9098"}],"collection":[{"href":"https:\/\/dw.nn-hb.de\/en\/wp-json\/wp\/v2\/product"}],"about":[{"href":"https:\/\/dw.nn-hb.de\/en\/wp-json\/wp\/v2\/types\/product"}],"wp:attachment":[{"href":"https:\/\/dw.nn-hb.de\/en\/wp-json\/wp\/v2\/media?parent=9098"}],"wp:term":[{"taxonomy":"product_cat","embeddable":true,"href":"https:\/\/dw.nn-hb.de\/en\/wp-json\/wp\/v2\/product_cat?post=9098"},{"taxonomy":"product_tag","embeddable":true,"href":"https:\/\/dw.nn-hb.de\/en\/wp-json\/wp\/v2\/product_tag?post=9098"}],"curies":[{"name":"wp","href":"https:\/\/api.w.org\/{rel}","templated":true}]}}